{"id":560,"date":"2021-07-01T11:35:28","date_gmt":"2021-07-01T09:35:28","guid":{"rendered":"https:\/\/swiss-certified-cannabis.ch\/formulaire-de-reclamation\/"},"modified":"2022-03-07T18:03:13","modified_gmt":"2022-03-07T17:03:13","slug":"formulaire-de-reclamation","status":"publish","type":"page","link":"https:\/\/swiss-certified-cannabis.ch\/fr\/formulaire-de-reclamation\/","title":{"rendered":"Formulaire de r\u00e9clamation"},"content":{"rendered":"\n<p>D\u00e9posez votre r\u00e9clamation ici<\/p>\n\n<div style=\"height:50px\" aria-hidden=\"true\" class=\"wp-block-spacer\"><\/div>\n\n<div style=\"height:96px\" aria-hidden=\"true\" class=\"wp-block-spacer\"><\/div>\n","protected":false},"excerpt":{"rendered":"<p>D\u00e9posez votre r\u00e9clamation ici<\/p>\n","protected":false},"author":1,"featured_media":0,"parent":0,"menu_order":0,"comment_status":"closed","ping_status":"closed","template":"","meta":{"footnotes":""},"class_list":["post-560","page","type-page","status-publish","hentry","wpbf-post"],"yoast_head":"<!-- This site is optimized with the Yoast SEO plugin v25.7 - https:\/\/yoast.com\/wordpress\/plugins\/seo\/ -->\n<title>Formulaire de r\u00e9clamation - Swiss Certified Cannabis<\/title>\n<meta name=\"robots\" content=\"index, follow, max-snippet:-1, max-image-preview:large, max-video-preview:-1\" \/>\n<link rel=\"canonical\" href=\"https:\/\/swiss-certified-cannabis.ch\/fr\/formulaire-de-reclamation\/\" \/>\n<meta property=\"og:locale\" content=\"fr_FR\" \/>\n<meta property=\"og:type\" content=\"article\" \/>\n<meta property=\"og:title\" content=\"Formulaire de r\u00e9clamation - Swiss Certified Cannabis\" \/>\n<meta property=\"og:description\" content=\"D\u00e9posez votre r\u00e9clamation ici\" \/>\n<meta property=\"og:url\" content=\"https:\/\/swiss-certified-cannabis.ch\/fr\/formulaire-de-reclamation\/\" \/>\n<meta property=\"og:site_name\" content=\"Swiss Certified Cannabis\" \/>\n<meta property=\"article:modified_time\" content=\"2022-03-07T17:03:13+00:00\" \/>\n<meta name=\"twitter:card\" content=\"summary_large_image\" \/>\n<script type=\"application\/ld+json\" class=\"yoast-schema-graph\">{\"@context\":\"https:\/\/schema.org\",\"@graph\":[{\"@type\":\"WebPage\",\"@id\":\"https:\/\/swiss-certified-cannabis.ch\/fr\/formulaire-de-reclamation\/\",\"url\":\"https:\/\/swiss-certified-cannabis.ch\/fr\/formulaire-de-reclamation\/\",\"name\":\"Formulaire de r\u00e9clamation - Swiss Certified Cannabis\",\"isPartOf\":{\"@id\":\"https:\/\/swiss-certified-cannabis.ch\/fr\/#website\"},\"datePublished\":\"2021-07-01T09:35:28+00:00\",\"dateModified\":\"2022-03-07T17:03:13+00:00\",\"breadcrumb\":{\"@id\":\"https:\/\/swiss-certified-cannabis.ch\/fr\/formulaire-de-reclamation\/#breadcrumb\"},\"inLanguage\":\"fr-FR\",\"potentialAction\":[{\"@type\":\"ReadAction\",\"target\":[\"https:\/\/swiss-certified-cannabis.ch\/fr\/formulaire-de-reclamation\/\"]}]},{\"@type\":\"BreadcrumbList\",\"@id\":\"https:\/\/swiss-certified-cannabis.ch\/fr\/formulaire-de-reclamation\/#breadcrumb\",\"itemListElement\":[{\"@type\":\"ListItem\",\"position\":1,\"name\":\"Startseite\",\"item\":\"https:\/\/swiss-certified-cannabis.ch\/fr\/\"},{\"@type\":\"ListItem\",\"position\":2,\"name\":\"Formulaire de r\u00e9clamation\"}]},{\"@type\":\"WebSite\",\"@id\":\"https:\/\/swiss-certified-cannabis.ch\/fr\/#website\",\"url\":\"https:\/\/swiss-certified-cannabis.ch\/fr\/\",\"name\":\"Swiss Certified Cannabis\",\"description\":\"Cannabis Zertifizierung\",\"publisher\":{\"@id\":\"https:\/\/swiss-certified-cannabis.ch\/fr\/#organization\"},\"potentialAction\":[{\"@type\":\"SearchAction\",\"target\":{\"@type\":\"EntryPoint\",\"urlTemplate\":\"https:\/\/swiss-certified-cannabis.ch\/fr\/?s={search_term_string}\"},\"query-input\":{\"@type\":\"PropertyValueSpecification\",\"valueRequired\":true,\"valueName\":\"search_term_string\"}}],\"inLanguage\":\"fr-FR\"},{\"@type\":\"Organization\",\"@id\":\"https:\/\/swiss-certified-cannabis.ch\/fr\/#organization\",\"name\":\"Swiss Certified Cannabis\",\"url\":\"https:\/\/swiss-certified-cannabis.ch\/fr\/\",\"logo\":{\"@type\":\"ImageObject\",\"inLanguage\":\"fr-FR\",\"@id\":\"https:\/\/swiss-certified-cannabis.ch\/fr\/#\/schema\/logo\/image\/\",\"url\":\"https:\/\/swiss-certified-cannabis.ch\/wp-content\/uploads\/2021\/06\/scc_logo.png\",\"contentUrl\":\"https:\/\/swiss-certified-cannabis.ch\/wp-content\/uploads\/2021\/06\/scc_logo.png\",\"width\":320,\"height\":320,\"caption\":\"Swiss Certified Cannabis\"},\"image\":{\"@id\":\"https:\/\/swiss-certified-cannabis.ch\/fr\/#\/schema\/logo\/image\/\"}}]}<\/script>\n<!-- \/ Yoast SEO plugin. -->","yoast_head_json":{"title":"Formulaire de r\u00e9clamation - Swiss Certified Cannabis","robots":{"index":"index","follow":"follow","max-snippet":"max-snippet:-1","max-image-preview":"max-image-preview:large","max-video-preview":"max-video-preview:-1"},"canonical":"https:\/\/swiss-certified-cannabis.ch\/fr\/formulaire-de-reclamation\/","og_locale":"fr_FR","og_type":"article","og_title":"Formulaire de r\u00e9clamation - Swiss Certified Cannabis","og_description":"D\u00e9posez votre r\u00e9clamation ici","og_url":"https:\/\/swiss-certified-cannabis.ch\/fr\/formulaire-de-reclamation\/","og_site_name":"Swiss Certified Cannabis","article_modified_time":"2022-03-07T17:03:13+00:00","twitter_card":"summary_large_image","schema":{"@context":"https:\/\/schema.org","@graph":[{"@type":"WebPage","@id":"https:\/\/swiss-certified-cannabis.ch\/fr\/formulaire-de-reclamation\/","url":"https:\/\/swiss-certified-cannabis.ch\/fr\/formulaire-de-reclamation\/","name":"Formulaire de r\u00e9clamation - Swiss Certified Cannabis","isPartOf":{"@id":"https:\/\/swiss-certified-cannabis.ch\/fr\/#website"},"datePublished":"2021-07-01T09:35:28+00:00","dateModified":"2022-03-07T17:03:13+00:00","breadcrumb":{"@id":"https:\/\/swiss-certified-cannabis.ch\/fr\/formulaire-de-reclamation\/#breadcrumb"},"inLanguage":"fr-FR","potentialAction":[{"@type":"ReadAction","target":["https:\/\/swiss-certified-cannabis.ch\/fr\/formulaire-de-reclamation\/"]}]},{"@type":"BreadcrumbList","@id":"https:\/\/swiss-certified-cannabis.ch\/fr\/formulaire-de-reclamation\/#breadcrumb","itemListElement":[{"@type":"ListItem","position":1,"name":"Startseite","item":"https:\/\/swiss-certified-cannabis.ch\/fr\/"},{"@type":"ListItem","position":2,"name":"Formulaire de r\u00e9clamation"}]},{"@type":"WebSite","@id":"https:\/\/swiss-certified-cannabis.ch\/fr\/#website","url":"https:\/\/swiss-certified-cannabis.ch\/fr\/","name":"Swiss Certified Cannabis","description":"Cannabis Zertifizierung","publisher":{"@id":"https:\/\/swiss-certified-cannabis.ch\/fr\/#organization"},"potentialAction":[{"@type":"SearchAction","target":{"@type":"EntryPoint","urlTemplate":"https:\/\/swiss-certified-cannabis.ch\/fr\/?s={search_term_string}"},"query-input":{"@type":"PropertyValueSpecification","valueRequired":true,"valueName":"search_term_string"}}],"inLanguage":"fr-FR"},{"@type":"Organization","@id":"https:\/\/swiss-certified-cannabis.ch\/fr\/#organization","name":"Swiss Certified Cannabis","url":"https:\/\/swiss-certified-cannabis.ch\/fr\/","logo":{"@type":"ImageObject","inLanguage":"fr-FR","@id":"https:\/\/swiss-certified-cannabis.ch\/fr\/#\/schema\/logo\/image\/","url":"https:\/\/swiss-certified-cannabis.ch\/wp-content\/uploads\/2021\/06\/scc_logo.png","contentUrl":"https:\/\/swiss-certified-cannabis.ch\/wp-content\/uploads\/2021\/06\/scc_logo.png","width":320,"height":320,"caption":"Swiss Certified Cannabis"},"image":{"@id":"https:\/\/swiss-certified-cannabis.ch\/fr\/#\/schema\/logo\/image\/"}}]}},"_links":{"self":[{"href":"https:\/\/swiss-certified-cannabis.ch\/fr\/wp-json\/wp\/v2\/pages\/560","targetHints":{"allow":["GET"]}}],"collection":[{"href":"https:\/\/swiss-certified-cannabis.ch\/fr\/wp-json\/wp\/v2\/pages"}],"about":[{"href":"https:\/\/swiss-certified-cannabis.ch\/fr\/wp-json\/wp\/v2\/types\/page"}],"author":[{"embeddable":true,"href":"https:\/\/swiss-certified-cannabis.ch\/fr\/wp-json\/wp\/v2\/users\/1"}],"replies":[{"embeddable":true,"href":"https:\/\/swiss-certified-cannabis.ch\/fr\/wp-json\/wp\/v2\/comments?post=560"}],"version-history":[{"count":1,"href":"https:\/\/swiss-certified-cannabis.ch\/fr\/wp-json\/wp\/v2\/pages\/560\/revisions"}],"predecessor-version":[{"id":561,"href":"https:\/\/swiss-certified-cannabis.ch\/fr\/wp-json\/wp\/v2\/pages\/560\/revisions\/561"}],"wp:attachment":[{"href":"https:\/\/swiss-certified-cannabis.ch\/fr\/wp-json\/wp\/v2\/media?parent=560"}],"curies":[{"name":"wp","href":"https:\/\/api.w.org\/{rel}","templated":true}]}}